{"id":12863,"date":"2022-02-16T13:11:20","date_gmt":"2022-02-16T11:11:20","guid":{"rendered":"https:\/\/jasondailycruises.gr\/informativa-sulla-privacy\/"},"modified":"2024-05-19T18:12:16","modified_gmt":"2024-05-19T16:12:16","slug":"informativa-sulla-privacy","status":"publish","type":"page","link":"https:\/\/jasondailycruises.gr\/it\/informativa-sulla-privacy\/","title":{"rendered":"Informativa sulla privacy"},"content":{"rendered":"\n<p><strong> La &#8220;COMPAGNIA DI NAVIGAZIONE ANTIPAROS CICLADICA&#8221;<\/strong> informa che, ai fini dell&#8217;esercizio delle sue attivit\u00e0 commerciali, tratta i dati personali dei suoi clienti e visitatori del suo sito web e\/o dei suoi account ufficiali sui social media. Il trattamento \u00e8 sempre effettuato in conformit\u00e0 alla normativa nazionale applicabile e al Regolamento Europeo 2016\/679 relativo alla protezione delle persone fisiche con riguardo al trattamento dei dati personali, nonch\u00e9 alla libera circolazione di tali dati (Regolamento generale sulla protezione dei dati, di seguito &#8220;GDPR&#8221;) in vigore.<\/p>\n\n<p>Il GDPR \u00e8 il nuovo quadro normativo dell&#8217;Unione Europea (UE) in materia di dati personali. Lo scopo della legge \u00e8 quello di stabilire le condizioni per il trattamento dei dati personali al fine di proteggere i diritti e le libert\u00e0 delle persone fisiche, in particolare il diritto alla protezione dei dati personali.<\/p>\n\n<p>Per qualsiasi questione relativa al trattamento dei dati personali puoi contattarci al<strong> 6942444421<\/strong> e nel modulo di contatto del nostro sito web.<\/p>\n\n<p><strong><em>Quali categorie di dati personali trattiamo?<\/em><\/strong><\/p>\n\n<p>Trattiamo tutti i dati personali che ci fornisci, ad esempio nome, indirizzo postale, posta. Codice, Stato, Citt\u00e0, Regione, Nazione, Telefono fisso e indirizzo email, Partita IVA, Agenzia delle Entrate, Professione. Il trattamento avviene solo quando abbiamo un motivo legittimo per farlo.  <\/p>\n\n<p><strong><em>Quali sono le basi giuridiche per il trattamento dei dati personali?<\/em><\/strong><\/p>\n\n<p>I motivi legali per il trattamento dei dati personali dell&#8217;utente sono: <\/p>\n\n<p>(a) fornire i servizi che ci chiedete e che desiderate ricevere da noi, e di conseguenza l&#8217;adempimento dei nostri obblighi contrattuali in questo contesto.<\/p>\n\n<p>(b) l&#8217;adempimento di un obbligo di legge, come la conformit\u00e0 normativa a fini fiscali.<\/p>\n\n<p>(c) il consenso da Lei fornito alle condizioni specifiche previste dal quadro giuridico, al fine di ricevere aggiornamenti su servizi, offerte, ecc. dalla <strong>&#8220;COMPAGNIA DI NAVIGAZIONE ANTIPAROS CICLADICA&#8221;<\/strong> o da societ\u00e0 terze che collaborano, che trattano i dati personali in conformit\u00e0 con il quadro applicabile.  <\/p>\n\n<p><strong><em>DICHIARAZIONE DELL&#8217;ET\u00c0<\/em><\/strong><\/p>\n\n<p>Fornendo il tuo consenso, dichiari responsabilmente di avere pi\u00f9 di 16 anni. Se hai meno di 16 anni, puoi utilizzare il nostro sito web solo con la partecipazione e l&#8217;approvazione di un genitore o tutore.<\/p>\n\n<p><strong><em>COME E PERCH\u00c9 UTILIZZIAMO I TUOI DATI PERSONALI?<\/em><\/strong><\/p>\n\n<p> \u2022 Invio di materiale informativo e pubblicitario \/ News aziendali<\/p>\n\n<p>Durante la tua visita al nostro sito web,<strong> <\/strong><a href=\"http:\/\/jasodailycruises.gr\" target=\"_blank\" rel=\"noopener\"><strong>https:\/\/jasodailycruises.gr<\/strong><\/a>, hai la possibilit\u00e0 di compilare un modulo di contatto, fornendo il tuo indirizzo e-mail per iscriverti alla nostra Newsletter.<\/p>\n\n<p>I dati raccolti dal nostro sito web possono essere utilizzati per contattarti per scopi promozionali e pubblicitari, per informarti su offerte che potrebbero interessarti via e-mail, a condizione che tu abbia dato il tuo consenso, fatte salve le condizioni specifiche stabilite dal quadro giuridico. <\/p>\n\n<p> \u2022 Promozione personalizzata<\/p>\n\n<p>Nell&#8217;ambito del suo legittimo interesse  <strong>&#8220;COMPAGNIA DI NAVIGAZIONE ANTIPAROS DELLE CICLADI&#8221;  <\/strong>creare interesse all&#8217;acquisto per i propri servizi, potremmo trattare le informazioni pubblicate online nei motori di ricerca e nelle applicazioni di social media (Google, LinkedIn, Facebook, Twitter, Instagram, Youtube) al fine di creare promozioni e informazioni personalizzate al potenziale cliente per telefono e\/o e-mail per lo scopo commerciale di cui sopra. La base giuridica \u00e8 la pubblicazione volontaria delle tue informazioni nei motori di ricerca e la tua iscrizione ai servizi di social media dove sono ottenuti come consenso esplicito alla pubblicazione di informazioni a seconda delle impostazioni delle applicazioni che gestisci.<\/p>\n\n<p>Le basi giuridiche per il trattamento di cui sopra sono sia l&#8217;esecuzione dei nostri obblighi contrattuali (2016\/679 art. 6 par. 1b), sia l&#8217;interesse giuridico della nostra societ\u00e0 (2016\/679 art. 6 par. 1f).<\/p>\n\n<p> \u2022 Esportazione delle statistiche <\/p>\n\n<p>\u00c8 possibile che i tuoi dati personali vengano utilizzati da Google <\/p>\n\n<p>Analitica. Google Analytics ha lo scopo di catturare il traffico web del nostro sito e di esportare statistiche utili per la nostra lista di clienti.<\/p>\n\n<p>\u2022 Sondaggio sulla soddisfazione dei clienti &#8211; Recensioni &#8211; Valutazioni<\/p>\n\n<p>I dati che raccogliamo dal nostro sito web vengono utilizzati per la partecipazione dell&#8217;utente a un sondaggio sulla soddisfazione dei clienti, se l&#8217;utente ha dato il proprio consenso, alle condizioni specifiche stabilite dal quadro giuridico. L&#8217;Indagine sulla Soddisfazione del Cliente oggi viene effettuata attraverso una valutazione o una recensione o un&#8217;e-mail per uno dei suoi servizi<strong> <\/strong><a href=\"http:\/\/jasodailycruises.gr\" target=\"_blank\" rel=\"noopener\"><strong>https:\/\/jasodailycruises.gr<\/strong><\/a><strong> <\/strong>e tenere un conto \u00e8 necessario.<\/p>\n\n<p>Se una recensione contiene contenuti offensivi, commenti offensivi, informazioni personali, \u00e8 una pubblicit\u00e0 negativa, ecc., il<strong> <\/strong><a href=\"http:\/\/jasodailycruises.gr\" target=\"_blank\" rel=\"noopener\"><strong>https:\/\/jasodailycruises.gr<\/strong><\/a><strong> <\/strong>si riserva il diritto di rifiutarne la pubblicazione. Le recensioni e i commenti degli utenti sono opinioni personali e opinioni degli utenti stessi e non riflettono necessariamente le opinioni di <a href=\"http:\/\/jasodailycruises.gr\" target=\"_blank\" rel=\"noopener\">\n  <strong>https:\/\/jasodailycruises.gr<\/strong>\n<\/a>, che non pu\u00f2 in alcun modo essere ritenuto responsabile di nessuna di queste opinioni.  <\/p>\n\n<p>\u2022Profilatura<\/p>\n\n<p>Al fine di fornirti la migliore esperienza possibile, i dati personali raccolti dal nostro sito possono essere utilizzati per inviare aggiornamenti personalizzati, a condizione che tu abbia dato il tuo consenso, fatte salve le condizioni specifiche stabilite nel quadro giuridico. La personalizzazione in base alle tue esigenze e preferenze (profilazione) si basa sui dati che ricaviamo dai tuoi dati personali, come l&#8217;occupazione, la zona di residenza, ecc.<\/p>\n\n<p><strong><em>DOVE VENGONO CONDIVISI I TUOI DATI?  <\/em><\/strong><\/p>\n\n<p><strong>La &#8220;COMPAGNIA DI NAVIGAZIONE ANTIPAROS DELLE CICLADI&#8221;<\/strong> trasmette i dati personali forniti dalle persone fisiche a societ\u00e0 terze, che offrono servizi di automazione allo scopo di inviare e-mail di massa.<\/p>\n\n<p>Inoltre, questi dati sono accessibili ai sistemi informativi di supporto e alle societ\u00e0 di marketing del sito web, dove la<strong> &#8220;COMPAGNIA DI NAVIGAZIONE ANTIPAROS CICLADICA&#8221; <\/strong>garantisce la loro protezione con rigorosi termini di riservatezza e controllo continuo delle misure appropriate e organizzative adottate da queste societ\u00e0.<\/p>\n\n<p>Infine, durante l&#8217;esecuzione del pagamento, i dati vengono trasferiti ai fornitori di servizi di pagamento. Da parte nostra, utilizziamo sistemi di alta sicurezza per prevenire la fuga di dati da sistemi dannosi.<\/p>\n\n<p><strong><em>PERIODO DI CONSERVAZIONE<\/em><\/strong><\/p>\n\n<p>La durata del periodo di conservazione dei dati \u00e8 decisa sulla base dei seguenti criteri specifici, a seconda dei casi: <\/p>\n\n<p>Quando il trattamento \u00e8 richiesto come requisito ai sensi delle disposizioni del quadro giuridico applicabile, i dati personali dell&#8217;utente saranno conservati per tutto il tempo richiesto dalle disposizioni pertinenti.<\/p>\n\n<p>Quando il trattamento viene effettuato su base contrattuale, i dati personali dell&#8217;utente saranno conservati per tutto il tempo necessario per l&#8217;esecuzione del contratto e per l&#8217;fondazione, l&#8217;esercizio e\/o il sostegno di diritti legali ai sensi del contratto.<\/p>\n\n<p>Per finalit\u00e0 di marketing, i tuoi dati personali sono conservati fino alla revoca del tuo consenso. Questo pu\u00f2 essere fatto da te in qualsiasi momento. La revoca del consenso non pregiudica la liceit\u00e0 del trattamento basato sul consenso nel periodo precedente la revoca.<\/p>\n\n<p>Per revocare il tuo consenso puoi contattarci <strong>al 6942444421<\/strong> o nel modulo di contatto del nostro sito web.<\/p>\n\n<p><strong><em>SICUREZZA DEI DATI PERSONALI<\/em><\/strong><\/p>\n\n<p><strong>La &#8220;COMPAGNIA DI NAVIGAZIONE ANTIPAROS CICLADICA&#8221;<\/strong> attua misure tecniche e organizzative adeguate volte al trattamento sicuro dei dati personali e alla prevenzione della perdita o della distruzione accidentale e dell&#8217;accesso, dell&#8217;uso, della modifica o della divulgazione non autorizzati e\/o illegali. In ogni caso, il modo in cui funziona internet e il fatto che sia gratuito per chiunque non consente di fornire garanzie che terzi non autorizzati non potranno mai violare le misure tecniche e organizzative applicabili, ottenendo l&#8217;accesso ed eventualmente utilizzando i dati personali per scopi non autorizzati e\/o illeciti.  <\/p>\n\n<p>Quali sono i tuoi diritti in relazione ai tuoi dati personali?<\/p>\n\n<p>Ogni persona fisica i cui dati sono trattati dalla <strong>&#8220;COMPAGNIA DI NAVIGAZIONE ANTIPAROS DELLE CICLADI&#8221;<\/strong> gode dei seguenti diritti: <\/p>\n\n<p>Diritto di accesso:<\/p>\n\n<p>Lei ha il diritto di conoscere e verificare la legittimit\u00e0 del trattamento. Pertanto, hai il diritto di accedere ai dati e ottenere ulteriori informazioni su come elaborarli. <\/p>\n\n<p>Diritto di modifica:<\/p>\n\n<p>L&#8217;utente ha il diritto di esaminare, correggere, aggiornare o modificare i propri dati personali.<\/p>\n\n<p>Diritto alla cancellazione:<\/p>\n\n<p>L&#8217;utente ha il diritto di richiedere la cancellazione dei propri dati personali quando li trattiamo con il suo consenso o al fine di proteggere i nostri legittimi interessi. In tutti gli altri casi (come, ad esempio, in presenza di un contratto, dell&#8217;obbligo di trattare i dati personali richiesto dalla legge, dall&#8217;interesse pubblico), tale diritto \u00e8 soggetto a specifiche restrizioni o non sussiste a seconda dei casi. <\/p>\n\n<p>Diritto di limitazione del trattamento:<\/p>\n\n<p>L&#8217;utente ha il diritto di richiedere la limitazione del trattamento dei propri dati personali nei seguenti casi: (a) quando contesta l&#8217;esattezza dei dati personali e fino a quando non viene verificata, (b) quando si oppone alla cancellazione dei dati personali e richiede, invece della cancellazione, la limitazione del loro utilizzo, (c) quando i dati personali non sono necessari ai fini del trattamento, ma sono necessari per la sua fondazione,  l&#8217;esercizio di un diritto in sede giudiziaria, e (d) quando l&#8217;utente si oppone al trattamento e fino a quando non viene verificato che vi siano motivi legittimi che ci riguardano e prevalgono sui motivi per i quali l&#8217;utente si oppone al trattamento.<\/p>\n\n<p>Diritto di opporsi al trattamento: <\/p>\n\n<p>L&#8217;utente ha il diritto di opporsi in qualsiasi momento al trattamento dei propri dati personali laddove, come descritto sopra, sia necessario per il perseguimento di interessi legittimi che perseguiamo in qualit\u00e0 di responsabili del trattamento, nonch\u00e9 per il trattamento per il marketing diretto e la formazione sul profilo del consumatore.<\/p>\n\n<p>Diritto alla portabilit\u00e0: <\/p>\n\n<p>Hai il diritto di ricevere gratuitamente i tuoi dati personali in un formato che ti consenta di accedervi, utilizzarli e modificarli con i metodi di modifica comunemente utilizzati. L&#8217;utente ha inoltre il diritto di chiederci, se tecnicamente fattibile, di trasmettere i dati direttamente a un altro responsabile del trattamento. Il diritto dell&#8217;utente di farlo esiste per i dati che ci ha fornito e sono trattati con mezzi automatizzati sulla base del consenso dell&#8217;utente o dell&#8217;esecuzione di un contratto pertinente.<\/p>\n\n<p>Diritto di revoca del consenso: <\/p>\n\n<p>Infine, <strong>la &#8220;COMPAGNIA DI NAVIGAZIONE ANTIPAROS CICLADICA&#8221; <\/strong>ti informa che laddove il trattamento sia basato sul tuo consenso, hai il diritto di revocarlo liberamente, senza pregiudicare la liceit\u00e0 del trattamento basato sul tuo consenso, prima di revocarlo.  <\/p>\n\n<p>Per esercitare i diritti di cui sopra, vi preghiamo di contattarci al <strong>modulo di 6942444421<\/strong> o di contatto sul nostro sito web.<\/p>\n\n<p><strong><em>BISCOTTI<\/em><\/strong><\/p>\n\n<p>Il sito web di <strong>&#8220;CYCLADIC ANTIPAROS SHIPPING COMPANY&#8221; <\/strong>utilizza i cookie perch\u00e9 senza di essi sarebbero  <\/p>\n\n<p>possibile offrire alcuni dei suoi servizi di base. <\/p>\n\n<p>I cookie non causano danni ai computer degli utenti o ai file in essi memorizzati e vengono automaticamente cancellati su ogni sito.<\/p>\n\n<p>Scopri di pi\u00f9 sui cookie in <a href=\"http:\/\/www.cookiecentral.com\" target=\"_blank\" rel=\"noopener\">www.cookiecentral.com<\/a>.  <\/p>\n\n<p><strong><em>RECLAMO ALL&#8217;AUTORIT\u00c0 ELLENICA PER LA PROTEZIONE DEI DATI  <\/em><\/strong><\/p>\n\n<p>L&#8217;utente ha il diritto di presentare un reclamo all&#8217;Autorit\u00e0 ellenica per la protezione dei dati (<a href=\"http:\/\/www.dpa.gr\" target=\"_blank\" rel=\"noopener\">www.dpa.gr<\/a>): Call Center: +30 210 6475600, Fax: +30 210 6475628, E-mail: <a href=\"mailto:contact@dpa.gr\">contact@dpa.gr<\/a>.<\/p>\n","protected":false},"excerpt":{"rendered":"<p>La &#8220;COMPAGNIA DI NAVIGAZIONE ANTIPAROS CICLADICA&#8221; informa che, ai fini dell&#8217;esercizio delle sue attivit\u00e0 commerciali, tratta i dati personali dei suoi clienti e visitatori del suo sito web e\/o dei suoi account ufficiali sui social media. Il trattamento \u00e8 sempre effettuato in conformit\u00e0 alla normativa nazionale applicabile e al Regolamento Europeo 2016\/679 relativo alla protezione [&hellip;]<\/p>\n","protected":false},"author":1,"featured_media":0,"parent":0,"menu_order":0,"comment_status":"closed","ping_status":"open","template":"","meta":{"_acf_changed":false,"site-sidebar-layout":"default","site-content-layout":"","ast-site-content-layout":"default","site-content-style":"default","site-sidebar-style":"default","ast-global-header-display":"","ast-banner-title-visibility":"","ast-main-header-display":"","ast-hfb-above-header-display":"","ast-hfb-below-header-display":"","ast-hfb-mobile-header-display":"","site-post-title":"","ast-breadcrumbs-content":"","ast-featured-img":"","footer-sml-layout":"","ast-disable-related-posts":"","theme-transparent-header-meta":"default","adv-header-id-meta":"","stick-header-meta":"","header-above-stick-meta":"","header-main-stick-meta":"","header-below-stick-meta":"","astra-migrate-meta-layouts":"default","ast-page-background-enabled":"default","ast-page-background-meta":{"desktop":{"background-color":"var(--ast-global-color-4)","background-image":"","background-repeat":"repeat","background-position":"center center","background-size":"auto","background-attachment":"scroll","background-type":"","background-media":"","overlay-type":"","overlay-color":"","overlay-opacity":"","overlay-gradient":""},"tablet":{"background-color":"","background-image":"","background-repeat":"repeat","background-position":"center center","background-size":"auto","background-attachment":"scroll","background-type":"","background-media":"","overlay-type":"","overlay-color":"","overlay-opacity":"","overlay-gradient":""},"mobile":{"background-color":"","background-image":"","background-repeat":"repeat","background-position":"center center","background-size":"auto","background-attachment":"scroll","background-type":"","background-media":"","overlay-type":"","overlay-color":"","overlay-opacity":"","overlay-gradient":""}},"ast-content-background-meta":{"desktop":{"background-color":"var(--ast-global-color-5)","background-image":"","background-repeat":"repeat","background-position":"center center","background-size":"auto","background-attachment":"scroll","background-type":"","background-media":"","overlay-type":"","overlay-color":"","overlay-opacity":"","overlay-gradient":""},"tablet":{"background-color":"var(--ast-global-color-5)","background-image":"","background-repeat":"repeat","background-position":"center center","background-size":"auto","background-attachment":"scroll","background-type":"","background-media":"","overlay-type":"","overlay-color":"","overlay-opacity":"","overlay-gradient":""},"mobile":{"background-color":"var(--ast-global-color-5)","background-image":"","background-repeat":"repeat","background-position":"center center","background-size":"auto","background-attachment":"scroll","background-type":"","background-media":"","overlay-type":"","overlay-color":"","overlay-opacity":"","overlay-gradient":""}},"footnotes":""},"class_list":["post-12863","page","type-page","status-publish","hentry"],"acf":[],"_links":{"self":[{"href":"https:\/\/jasondailycruises.gr\/it\/wp-json\/wp\/v2\/pages\/12863","targetHints":{"allow":["GET"]}}],"collection":[{"href":"https:\/\/jasondailycruises.gr\/it\/wp-json\/wp\/v2\/pages"}],"about":[{"href":"https:\/\/jasondailycruises.gr\/it\/wp-json\/wp\/v2\/types\/page"}],"author":[{"embeddable":true,"href":"https:\/\/jasondailycruises.gr\/it\/wp-json\/wp\/v2\/users\/1"}],"replies":[{"embeddable":true,"href":"https:\/\/jasondailycruises.gr\/it\/wp-json\/wp\/v2\/comments?post=12863"}],"version-history":[{"count":0,"href":"https:\/\/jasondailycruises.gr\/it\/wp-json\/wp\/v2\/pages\/12863\/revisions"}],"wp:attachment":[{"href":"https:\/\/jasondailycruises.gr\/it\/wp-json\/wp\/v2\/media?parent=12863"}],"curies":[{"name":"wp","href":"https:\/\/api.w.org\/{rel}","templated":true}]}}