{"id":12870,"date":"2023-07-19T10:52:16","date_gmt":"2023-07-19T08:52:16","guid":{"rendered":"https:\/\/jasondailycruises.gr\/product\/croisiere-tous-les-jours\/"},"modified":"2024-09-10T11:10:23","modified_gmt":"2024-09-10T08:10:23","slug":"croisiere-tous-les-jours","status":"publish","type":"product","link":"https:\/\/jasondailycruises.gr\/fr\/produit\/croisiere-tous-les-jours\/","title":{"rendered":"Croisi\u00e8re tous les jours"},"content":{"rendered":"<p>Croisi\u00e8re tous les jours :  <\/p>\n<ul>\n<li>Kato Koufonissi<\/li>\n<li>Ano Koufonissi<\/li>\n<li>Grotte de Rina<\/li>\n<\/ul>\n<p><strong>Heure de d\u00e9part 9:00<\/strong>. <strong>Port d\u2019Agia Anna<\/strong> Lors de cette croisi\u00e8re, nous partons du petit port d\u2019Agia Anna \u00e0 09h00. Apr\u00e8s un voyage de 1h45 sur la c\u00f4te est de Naxos avec ses belles baies, nous sommes arriv\u00e9s \u00e0 Kato Koufonissi, un paradis sur terre avec des vues panoramiques. Un savoureux barbecue grec avec du vin local suivra (des options v\u00e9g\u00e9tariennes seront disponibles). Notre personnel est pr\u00eat \u00e0 enrichir votre exp\u00e9rience de voyage avec un bon barbecue grec, un verre de vin et, bien s\u00fbr, un service in\u00e9gal\u00e9. C\u2019est l\u2019occasion id\u00e9ale pour une baignade relaxante dans les eaux turquoise des Petites Cyclades. Apr\u00e8s une navigation de 20 minutes, vous arriverez sur l\u2019\u00eele habit\u00e9e d\u2019Ano Koufonissi pour un s\u00e9jour de 2,5 heures. Vous pouvez explorer cette magnifique petite \u00eele, pleine de plages fantastiques entour\u00e9es de paysages magnifiques et d\u2019eaux cristallines. Vous pouvez explorer ce petit village \u00e0 pied. D\u00e9gustez un caf\u00e9 grec dans un caf\u00e9 traditionnel, tout en admirant la vue magnifique sur la mer \u00c9g\u00e9e. Sur le chemin du retour \u00e0 Naxos, nous ferons notre 3\u00e8me arr\u00eat, nous arriverons \u00e0 l\u2019\u00e9tonnante merveille naturelle qu\u2019est la grotte de Rinas sur la c\u00f4te sud de Naxos. Tr\u00e8s agr\u00e9able et dr\u00f4le pour les enfants. Vous pouvez choisir de sauter du bateau ou de descendre \u00e0 l\u2019\u00e9chelle pour nager dans la grotte de Rina, escalader des rochers et explorer le magnifique paysage ! Vous tomberez sous le charme des eaux turquoise incroyables et de la clart\u00e9 des fonds marins ! Ceux d\u2019entre vous qui aiment la plong\u00e9e auront une occasion fantastique d\u2019explorer la vie sous-marine avec un masque de plong\u00e9e. L\u00e0, poissons et coquillages composent un paysage naturel aux allures de tableau r\u00e9aliste. D\u2019ailleurs, une autre surprise nous attend peut-\u00eatre : il y a de fortes chances que nous voyions des dauphins jouer autour du bateau ! \u00c0 la fin de la journ\u00e9e, Jason retourne au port d\u2019Agia Anna \u00e0 19h15 et les souvenirs sont tout ce qui compte.<\/p>\n","protected":false},"excerpt":{"rendered":"<p>Tous les jours<\/p>\n","protected":false},"featured_media":12871,"template":"","meta":{"_acf_changed":false,"site-sidebar-layout":"default","site-content-layout":"default","ast-site-content-layout":"default","site-content-style":"default","site-sidebar-style":"default","ast-global-header-display":"","ast-banner-title-visibility":"","ast-main-header-display":"","ast-hfb-above-header-display":"","ast-hfb-below-header-display":"","ast-hfb-mobile-header-display":"","site-post-title":"","ast-breadcrumbs-content":"","ast-featured-img":"","footer-sml-layout":"","ast-disable-related-posts":"","theme-transparent-header-meta":"default","adv-header-id-meta":"","stick-header-meta":"","header-above-stick-meta":"","header-main-stick-meta":"","header-below-stick-meta":"","astra-migrate-meta-layouts":"set","ast-page-background-enabled":"default","ast-page-background-meta":{"desktop":{"background-color":"var(--ast-global-color-4)","background-image":"","background-repeat":"repeat","background-position":"center center","background-size":"auto","background-attachment":"scroll","background-type":"","background-media":"","overlay-type":"","overlay-color":"","overlay-opacity":"","overlay-gradient":""},"tablet":{"background-color":"","background-image":"","background-repeat":"repeat","background-position":"center center","background-size":"auto","background-attachment":"scroll","background-type":"","background-media":"","overlay-type":"","overlay-color":"","overlay-opacity":"","overlay-gradient":""},"mobile":{"background-color":"","background-image":"","background-repeat":"repeat","background-position":"center center","background-size":"auto","background-attachment":"scroll","background-type":"","background-media":"","overlay-type":"","overlay-color":"","overlay-opacity":"","overlay-gradient":""}},"ast-content-background-meta":{"desktop":{"background-color":"var(--ast-global-color-5)","background-image":"","background-repeat":"repeat","background-position":"center center","background-size":"auto","background-attachment":"scroll","background-type":"","background-media":"","overlay-type":"","overlay-color":"","overlay-opacity":"","overlay-gradient":""},"tablet":{"background-color":"var(--ast-global-color-5)","background-image":"","background-repeat":"repeat","background-position":"center center","background-size":"auto","background-attachment":"scroll","background-type":"","background-media":"","overlay-type":"","overlay-color":"","overlay-opacity":"","overlay-gradient":""},"mobile":{"background-color":"var(--ast-global-color-5)","background-image":"","background-repeat":"repeat","background-position":"center center","background-size":"auto","background-attachment":"scroll","background-type":"","background-media":"","overlay-type":"","overlay-color":"","overlay-opacity":"","overlay-gradient":""}}},"product_brand":[],"product_cat":[118],"product_tag":[],"class_list":{"0":"post-12870","1":"product","2":"type-product","3":"status-publish","4":"has-post-thumbnail","6":"product_cat-croisieres","7":"desktop-align-left","8":"tablet-align-left","9":"mobile-align-left","11":"first","12":"instock","13":"virtual","14":"sold-individually","15":"purchasable","16":"product-type-booking"},"acf":[],"_links":{"self":[{"href":"https:\/\/jasondailycruises.gr\/fr\/wp-json\/wp\/v2\/product\/12870","targetHints":{"allow":["GET"]}}],"collection":[{"href":"https:\/\/jasondailycruises.gr\/fr\/wp-json\/wp\/v2\/product"}],"about":[{"href":"https:\/\/jasondailycruises.gr\/fr\/wp-json\/wp\/v2\/types\/product"}],"version-history":[{"count":0,"href":"https:\/\/jasondailycruises.gr\/fr\/wp-json\/wp\/v2\/product\/12870\/revisions"}],"wp:featuredmedia":[{"embeddable":true,"href":"https:\/\/jasondailycruises.gr\/fr\/wp-json\/wp\/v2\/media\/12871"}],"wp:attachment":[{"href":"https:\/\/jasondailycruises.gr\/fr\/wp-json\/wp\/v2\/media?parent=12870"}],"wp:term":[{"taxonomy":"product_brand","embeddable":true,"href":"https:\/\/jasondailycruises.gr\/fr\/wp-json\/wp\/v2\/product_brand?post=12870"},{"taxonomy":"product_cat","embeddable":true,"href":"https:\/\/jasondailycruises.gr\/fr\/wp-json\/wp\/v2\/product_cat?post=12870"},{"taxonomy":"product_tag","embeddable":true,"href":"https:\/\/jasondailycruises.gr\/fr\/wp-json\/wp\/v2\/product_tag?post=12870"}],"curies":[{"name":"wp","href":"https:\/\/api.w.org\/{rel}","templated":true}]}}