{"id":12782,"date":"2024-05-19T16:07:24","date_gmt":"2024-05-19T14:07:24","guid":{"rendered":"https:\/\/jasondailycruises.gr\/?post_type=product&#038;p=12782"},"modified":"2024-06-17T19:00:38","modified_gmt":"2024-06-17T17:00:38","slug":"croisiere-privee-au-coucher-du-soleil","status":"publish","type":"product","link":"https:\/\/jasondailycruises.gr\/fr\/produit\/croisiere-privee-au-coucher-du-soleil\/","title":{"rendered":"Croisi\u00e8re priv\u00e9e au coucher du soleil"},"content":{"rendered":"<p><strong>Description de la CROISI\u00c8RE\u00a0:<\/strong><\/p>\n<p>Int\u00e9ress\u00e9 par une croisi\u00e8re au coucher du soleil l\u2019apr\u00e8s-midi ?<br \/>\nL\u2019une des meilleures activit\u00e9s \u00e0 Naxos est de regarder le coucher du soleil tout en naviguant avec vos proches dans le bleu toujours changeant de la mer \u00c9g\u00e9e.<br \/>\nRejoignez-nous pour une exp\u00e9rience spectaculaire de d\u00e9gustation de vin local, tout en regardant la star du jour s\u2019immerger \u00e0 l\u2019horizon sans fin, d\u00e9corant la nature de ses couleurs extraordinaires et uniques.<br \/>\n\u00ab\u00a0Jason\u00a0\u00bb vous donne l\u2019occasion de voir la c\u00f4te de Naxos, c\u2019est le meilleur choix pour une f\u00eate l\u2019apr\u00e8s-midi.<\/p>\n<p>Veuillez indiquer l\u2019activit\u00e9 et le nombre estim\u00e9 d\u2019invit\u00e9s, ainsi que d\u2019autres d\u00e9tails relatifs afin que nous puissions vous fournir le meilleur forfait de location possible.<\/p>\n","protected":false},"excerpt":{"rendered":"<p>Tous les jours<\/p>\n","protected":false},"featured_media":12783,"template":"","meta":{"_acf_changed":false,"site-sidebar-layout":"default","site-content-layout":"default","ast-site-content-layout":"default","site-content-style":"default","site-sidebar-style":"default","ast-global-header-display":"","ast-banner-title-visibility":"","ast-main-header-display":"","ast-hfb-above-header-display":"","ast-hfb-below-header-display":"","ast-hfb-mobile-header-display":"","site-post-title":"","ast-breadcrumbs-content":"","ast-featured-img":"","footer-sml-layout":"","ast-disable-related-posts":"","theme-transparent-header-meta":"default","adv-header-id-meta":"","stick-header-meta":"","header-above-stick-meta":"","header-main-stick-meta":"","header-below-stick-meta":"","astra-migrate-meta-layouts":"set","ast-page-background-enabled":"default","ast-page-background-meta":{"desktop":{"background-color":"var(--ast-global-color-4)","background-image":"","background-repeat":"repeat","background-position":"center center","background-size":"auto","background-attachment":"scroll","background-type":"","background-media":"","overlay-type":"","overlay-color":"","overlay-opacity":"","overlay-gradient":""},"tablet":{"background-color":"","background-image":"","background-repeat":"repeat","background-position":"center center","background-size":"auto","background-attachment":"scroll","background-type":"","background-media":"","overlay-type":"","overlay-color":"","overlay-opacity":"","overlay-gradient":""},"mobile":{"background-color":"","background-image":"","background-repeat":"repeat","background-position":"center center","background-size":"auto","background-attachment":"scroll","background-type":"","background-media":"","overlay-type":"","overlay-color":"","overlay-opacity":"","overlay-gradient":""}},"ast-content-background-meta":{"desktop":{"background-color":"var(--ast-global-color-5)","background-image":"","background-repeat":"repeat","background-position":"center center","background-size":"auto","background-attachment":"scroll","background-type":"","background-media":"","overlay-type":"","overlay-color":"","overlay-opacity":"","overlay-gradient":""},"tablet":{"background-color":"var(--ast-global-color-5)","background-image":"","background-repeat":"repeat","background-position":"center center","background-size":"auto","background-attachment":"scroll","background-type":"","background-media":"","overlay-type":"","overlay-color":"","overlay-opacity":"","overlay-gradient":""},"mobile":{"background-color":"var(--ast-global-color-5)","background-image":"","background-repeat":"repeat","background-position":"center center","background-size":"auto","background-attachment":"scroll","background-type":"","background-media":"","overlay-type":"","overlay-color":"","overlay-opacity":"","overlay-gradient":""}}},"product_brand":[],"product_cat":[118],"product_tag":[136],"class_list":{"0":"post-12782","1":"product","2":"type-product","3":"status-publish","4":"has-post-thumbnail","6":"product_cat-croisieres","7":"product_tag-exclude-fr","8":"desktop-align-left","9":"tablet-align-left","10":"mobile-align-left","12":"first","13":"instock","14":"virtual","15":"sold-individually","16":"purchasable","17":"product-type-booking"},"acf":[],"_links":{"self":[{"href":"https:\/\/jasondailycruises.gr\/fr\/wp-json\/wp\/v2\/product\/12782","targetHints":{"allow":["GET"]}}],"collection":[{"href":"https:\/\/jasondailycruises.gr\/fr\/wp-json\/wp\/v2\/product"}],"about":[{"href":"https:\/\/jasondailycruises.gr\/fr\/wp-json\/wp\/v2\/types\/product"}],"version-history":[{"count":0,"href":"https:\/\/jasondailycruises.gr\/fr\/wp-json\/wp\/v2\/product\/12782\/revisions"}],"wp:featuredmedia":[{"embeddable":true,"href":"https:\/\/jasondailycruises.gr\/fr\/wp-json\/wp\/v2\/media\/12783"}],"wp:attachment":[{"href":"https:\/\/jasondailycruises.gr\/fr\/wp-json\/wp\/v2\/media?parent=12782"}],"wp:term":[{"taxonomy":"product_brand","embeddable":true,"href":"https:\/\/jasondailycruises.gr\/fr\/wp-json\/wp\/v2\/product_brand?post=12782"},{"taxonomy":"product_cat","embeddable":true,"href":"https:\/\/jasondailycruises.gr\/fr\/wp-json\/wp\/v2\/product_cat?post=12782"},{"taxonomy":"product_tag","embeddable":true,"href":"https:\/\/jasondailycruises.gr\/fr\/wp-json\/wp\/v2\/product_tag?post=12782"}],"curies":[{"name":"wp","href":"https:\/\/api.w.org\/{rel}","templated":true}]}}