{"id":12787,"date":"2022-06-06T13:13:18","date_gmt":"2022-06-06T10:13:18","guid":{"rendered":"https:\/\/jasondailycruises.gr\/politique-dannulation\/"},"modified":"2025-08-03T20:30:06","modified_gmt":"2025-08-03T17:30:06","slug":"politique-dannulation","status":"publish","type":"page","link":"https:\/\/jasondailycruises.gr\/fr\/politique-dannulation\/","title":{"rendered":"Politique d\u2019annulation"},"content":{"rendered":"\t\t<div data-elementor-type=\"wp-page\" data-elementor-id=\"12787\" class=\"elementor elementor-12787 elementor-1141\" data-elementor-post-type=\"page\">\n\t\t\t\t\t\t<section class=\"elementor-section elementor-top-section elementor-element elementor-element-a2f59dd elementor-section-boxed elementor-section-height-default elementor-section-height-default\" data-id=\"a2f59dd\" data-element_type=\"section\" data-e-type=\"section\">\n\t\t\t\t\t\t<div class=\"elementor-container elementor-column-gap-default\">\n\t\t\t\t\t<div class=\"elementor-column elementor-col-100 elementor-top-column elementor-element elementor-element-60276f4\" data-id=\"60276f4\" data-element_type=\"column\" data-e-type=\"column\">\n\t\t\t<div class=\"elementor-widget-wrap elementor-element-populated\">\n\t\t\t\t\t\t<div class=\"elementor-element elementor-element-61cc2a1 elementor-widget elementor-widget-heading\" data-id=\"61cc2a1\" data-element_type=\"widget\" data-e-type=\"widget\" data-widget_type=\"heading.default\">\n\t\t\t\t<div class=\"elementor-widget-container\">\n\t\t\t\t\t<h3 class=\"elementor-heading-title elementor-size-default\">Politique d\u2019annulation<\/h3>\t\t\t\t<\/div>\n\t\t\t\t<\/div>\n\t\t\t\t<div class=\"elementor-element elementor-element-a68428c elementor-widget elementor-widget-text-editor\" data-id=\"a68428c\" data-element_type=\"widget\" data-e-type=\"widget\" data-widget_type=\"text-editor.default\">\n\t\t\t\t<div class=\"elementor-widget-container\">\n\t\t\t\t\t\t\t\t\t<p><b>Politique d\u2019annulation individuelle. (Moins de 8 personnes)<\/b><\/p>\n<p><span style=\"font-style: inherit; font-weight: inherit; color: var( --e-global-color-text ); background-color: var(--ast-global-color-4);\">Les annulations effectu\u00e9es au moins un (1) jour \u00e0 l\u2019avance, jusqu\u2019\u00e0 10h00, seront rembours\u00e9es \u00e0 100%. Si votre croisi\u00e8re est annul\u00e9e en raison de vents violents ou d\u2019une mer agit\u00e9e, nous tenterons de la reporter \u00e0 une autre date. Si cela ne vous convient pas pour une raison quelconque, vous recevrez un remboursement \u00e0 100%<\/span><\/p>\n<p><b style=\"font-style: inherit; color: var( --e-global-color-text ); background-color: var(--ast-global-color-4);\">&nbsp;<\/b><\/p>\n<p><b style=\"font-style: inherit; color: var( --e-global-color-text ); background-color: var(--ast-global-color-4);\">Politique d\u2019annulation de groupe. (Plus de 8 personnes)<\/b><\/p>\n<p>La soci\u00e9t\u00e9 se r\u00e9serve le droit d\u2019ajuster les conditions des annulations en fonction des conditions en vigueur et sans pr\u00e9avis.<\/p>\n<p>Les conditions d\u2019annulation en vigueur applicables \u00e0 cette p\u00e9riode sont jointes aux informations de chaque excursion.<\/p>\n<p><\/p>\n<p><b>UNE VISITE PEUT \u00caTRE ANNUL\u00c9E SI :<\/b><\/p>\n<p>Les conditions m\u00e9t\u00e9orologiques ne sont pas adapt\u00e9es (pluie, vent fort, gel, chaleur, etc.)<br>D\u2019autres facteurs y contribuent, tels que : les gr\u00e8ves, etc.<\/p>\n<p>Vous serez inform\u00e9 \u00e0 temps de tout changement apport\u00e9 au programme, il est donc important d\u2019\u00eatre en contact direct avec l\u2019e-mail ou le t\u00e9l\u00e9phone portable que vous nous avez fourni.<\/p>\n<p><b>ANNULATION PAR LA SOCI\u00c9T\u00c9 ORGANISATRICE<\/b><\/p>\n<p>Si le programme est report\u00e9\/annul\u00e9 par notre faute et que vous avez d\u00e9j\u00e0 pay\u00e9, si vous le souhaitez, votre argent de participation vous sera rembours\u00e9.<\/p>\n<p>Sinon, ils seront jumel\u00e9s \u00e0 une autre excursion. Votre cr\u00e9dit sera valable 4 mois.<\/p>\n<p>L\u2019annulation ou le report de l\u2019excursion sera annonc\u00e9 via notre site web, par t\u00e9l\u00e9phone ou envoy\u00e9 par e-mail \u00e0 l\u2019adresse que vous nous avez indiqu\u00e9e. Les participants sont responsables de surveiller leur courrier pour tout changement.<\/p>\n<p><\/p>\n<p><b>FRAIS D\u2019ANNULATION<\/b><\/p>\n<p><span style=\"font-style: inherit; font-weight: inherit; color: var( --e-global-color-text ); background-color: var(--ast-global-color-4);\">En cas d\u2019annulation par le participant, AUCUN remboursement ne sera effectu\u00e9.<\/span><\/p>\n<p>S\u2019il y a une liste d\u2019attente et que nous rattrapons les si\u00e8ges que vous avez annul\u00e9s, nous vous enverrons une carte de cr\u00e9dit \u00e0 utiliser pour une autre de nos excursions.<br>Vous pouvez \u00e9galement transf\u00e9rer votre r\u00e9servation \u00e0 une autre date et\/ou \u00e0 un autre de nos programmes d\u2019excursions comme suit :<\/p>\n<p><b>Pour les annulations :<\/b><\/p>\n<p>\u25ba Jusqu\u2019\u00e0 2 jours avant la date de l\u2019excursion, vous aurez le droit de transf\u00e9rer votre r\u00e9servation \u00e0 une autre date pour 100% de sa valeur.<\/p>\n<p>\u25ba De la veille jusqu\u2019au jour m\u00eame, vous ne pourrez pas d\u00e9placer votre r\u00e9servation \u00e0 une autre date et aucun remboursement ne sera effectu\u00e9<\/p>\n<p>REMARQUE : Le transfert de votre r\u00e9servation sera valable 4 mois \u00e0 compter de la date de son annulation et dans un groupe disposant de disponibilit\u00e9s et en tout \u00e9tat de cause apr\u00e8s concertation avec la soci\u00e9t\u00e9 organisatrice.<\/p>\t\t\t\t\t\t\t\t<\/div>\n\t\t\t\t<\/div>\n\t\t\t\t\t<\/div>\n\t\t<\/div>\n\t\t\t\t\t<\/div>\n\t\t<\/section>\n\t\t\t\t<\/div>\n\t\t","protected":false},"excerpt":{"rendered":"<p>Politique d\u2019annulation individuelle. (Moins de 8 personnes) Les annulations effectu\u00e9es au moins un (1) jour \u00e0 l\u2019avance, jusqu\u2019\u00e0 10h00, seront rembours\u00e9es \u00e0 100%. Si votre croisi\u00e8re est annul\u00e9e en raison de vents violents ou d\u2019une mer agit\u00e9e, nous tenterons de la reporter \u00e0 une autre date. Si cela ne vous convient pas pour une raison [&hellip;]<\/p>\n","protected":false},"author":1,"featured_media":0,"parent":0,"menu_order":0,"comment_status":"closed","ping_status":"closed","template":"","meta":{"_acf_changed":false,"site-sidebar-layout":"no-sidebar","site-content-layout":"page-builder","ast-site-content-layout":"full-width-container","site-content-style":"unboxed","site-sidebar-style":"unboxed","ast-global-header-display":"","ast-banner-title-visibility":"","ast-main-header-display":"","ast-hfb-above-header-display":"","ast-hfb-below-header-display":"","ast-hfb-mobile-header-display":"","site-post-title":"disabled","ast-breadcrumbs-content":"","ast-featured-img":"disabled","footer-sml-layout":"","ast-disable-related-posts":"","theme-transparent-header-meta":"default","adv-header-id-meta":"","stick-header-meta":"","header-above-stick-meta":"","header-main-stick-meta":"","header-below-stick-meta":"","astra-migrate-meta-layouts":"default","ast-page-background-enabled":"default","ast-page-background-meta":{"desktop":{"background-color":"var(--ast-global-color-4)","background-image":"","background-repeat":"repeat","background-position":"center center","background-size":"auto","background-attachment":"scroll","background-type":"","background-media":"","overlay-type":"","overlay-color":"","overlay-opacity":"","overlay-gradient":""},"tablet":{"background-color":"","background-image":"","background-repeat":"repeat","background-position":"center center","background-size":"auto","background-attachment":"scroll","background-type":"","background-media":"","overlay-type":"","overlay-color":"","overlay-opacity":"","overlay-gradient":""},"mobile":{"background-color":"","background-image":"","background-repeat":"repeat","background-position":"center center","background-size":"auto","background-attachment":"scroll","background-type":"","background-media":"","overlay-type":"","overlay-color":"","overlay-opacity":"","overlay-gradient":""}},"ast-content-background-meta":{"desktop":{"background-color":"var(--ast-global-color-5)","background-image":"","background-repeat":"repeat","background-position":"center center","background-size":"auto","background-attachment":"scroll","background-type":"","background-media":"","overlay-type":"","overlay-color":"","overlay-opacity":"","overlay-gradient":""},"tablet":{"background-color":"var(--ast-global-color-5)","background-image":"","background-repeat":"repeat","background-position":"center center","background-size":"auto","background-attachment":"scroll","background-type":"","background-media":"","overlay-type":"","overlay-color":"","overlay-opacity":"","overlay-gradient":""},"mobile":{"background-color":"var(--ast-global-color-5)","background-image":"","background-repeat":"repeat","background-position":"center center","background-size":"auto","background-attachment":"scroll","background-type":"","background-media":"","overlay-type":"","overlay-color":"","overlay-opacity":"","overlay-gradient":""}},"footnotes":""},"class_list":["post-12787","page","type-page","status-publish","hentry"],"acf":[],"_links":{"self":[{"href":"https:\/\/jasondailycruises.gr\/fr\/wp-json\/wp\/v2\/pages\/12787","targetHints":{"allow":["GET"]}}],"collection":[{"href":"https:\/\/jasondailycruises.gr\/fr\/wp-json\/wp\/v2\/pages"}],"about":[{"href":"https:\/\/jasondailycruises.gr\/fr\/wp-json\/wp\/v2\/types\/page"}],"author":[{"embeddable":true,"href":"https:\/\/jasondailycruises.gr\/fr\/wp-json\/wp\/v2\/users\/1"}],"replies":[{"embeddable":true,"href":"https:\/\/jasondailycruises.gr\/fr\/wp-json\/wp\/v2\/comments?post=12787"}],"version-history":[{"count":0,"href":"https:\/\/jasondailycruises.gr\/fr\/wp-json\/wp\/v2\/pages\/12787\/revisions"}],"wp:attachment":[{"href":"https:\/\/jasondailycruises.gr\/fr\/wp-json\/wp\/v2\/media?parent=12787"}],"curies":[{"name":"wp","href":"https:\/\/api.w.org\/{rel}","templated":true}]}}